{"id":510,"date":"2021-10-14T15:46:36","date_gmt":"2021-10-14T13:46:36","guid":{"rendered":"https:\/\/davidfarre.net\/politica-de-privadesa\/"},"modified":"2025-06-03T13:34:55","modified_gmt":"2025-06-03T11:34:55","slug":"politica-de-privadesa","status":"publish","type":"page","link":"https:\/\/davidfarre.net\/ca\/politica-de-privadesa\/","title":{"rendered":"Pol\u00edtica de privadesa"},"content":{"rendered":"\t\t<div data-elementor-type=\"wp-page\" data-elementor-id=\"510\" class=\"elementor elementor-510 elementor-38\" data-elementor-post-type=\"page\">\n\t\t\t\t<div class=\"elementor-element elementor-element-ba60f8e e-flex e-con-boxed e-con e-parent\" data-id=\"ba60f8e\" data-element_type=\"container\" data-e-type=\"container\">\n\t\t\t\t\t<div class=\"e-con-inner\">\n\t\t\t\t<div class=\"elementor-element elementor-element-cec7536 elementor-widget__width-initial elementor-widget elementor-widget-heading\" data-id=\"cec7536\" data-element_type=\"widget\" data-e-type=\"widget\" data-widget_type=\"heading.default\">\n\t\t\t\t<div class=\"elementor-widget-container\">\n\t\t\t\t\t<h1 class=\"elementor-heading-title elementor-size-default\">POL\u00cdTICA DE PRIVACITAT<\/h1>\t\t\t\t<\/div>\n\t\t\t\t<\/div>\n\t\t\t\t<div class=\"elementor-element elementor-element-84b5415 elementor-widget elementor-widget-text-editor\" data-id=\"84b5415\" data-element_type=\"widget\" data-e-type=\"widget\" data-widget_type=\"text-editor.default\">\n\t\t\t\t<div class=\"elementor-widget-container\">\n\t\t\t\t\t\t\t\t\t<p>Si ets aqu\u00ed \u00e9s perqu\u00e8 vols saber m\u00e9s sobre les obligacions i els drets que et corresponen com a usuari d&#8217;aquesta web <strong><\/strong> i aix\u00f2 est\u00e0 molt b\u00e9. El nostre deure \u00e9s informar-te i el teu estar degudament informat.<\/p><p>En aquesta Pol\u00edtica de Privadesa t&#8217;informarem amb total transpar\u00e8ncia sobre la finalitat d&#8217;aquest lloc web i tot all\u00f2 que afecta les dades que ens facilitis, aix\u00ed com de les obligacions i drets que et corresponen.<\/p><p>Per comen\u00e7ar, has de saber que aquest lloc web s&#8217;adapta a la normativa vigent en relaci\u00f3 amb la protecci\u00f3 de dades, cosa que afecta les dades personals que ens facilitis amb el teu consentiment expr\u00e9s i les galetes que utilitzem perqu\u00e8 aquest lloc web funcioni correctament i pugui desenvolupar la seva activitat.<\/p><p>Concretament, aquesta web s&#8217;ajusta al compliment de les normatives seg\u00fcents:<\/p><p>El <b>RGPD<\/b> (<b>Reglament (UE) 2016\/679 del Parlament Europeu i del Consell de 27 d&#8217;abril del 2016 relatiu a la protecci\u00f3 de les persones f\u00edsiques<\/b>) que \u00e9s la nova normativa de la Uni\u00f3 Europea que unifica la regulaci\u00f3 del tractament de les dades personals als diferents pa\u00efsos de la UE.<\/p><p>La <b>LOPD<\/b> (<b>Llei Org\u00e0nica 15\/1999, de 13 de desembre, de Protecci\u00f3 de Dades de Car\u00e0cter Personal<\/b> i <b>Reial Decret 1720\/2007, de 21 de desembre, el Reglament de desenvolupament de la LOPD<\/b>) que regula el tractament de les dades personals i les obligacions que hem d&#8217;assumir els responsables d&#8217;una web o un bloc.<\/p><p>La <b>LSSI<\/b> (<b>Llei 34\/2002, de 11 de juliol, de Serveis de la Societat de la Informaci\u00f3 i Comer\u00e7 Electr\u00f2nic<\/b>) que regula les transaccions econ\u00f2miques mitjan\u00e7ant mitjans electr\u00f2nics, com \u00e9s el cas d&#8217;aquest blog.<\/p><p><b>DADES D&#8217;IDENTIFICACI\u00d3<\/b><\/p><p>El responsable i titular d&#8217;aquest lloc web \u00e9s <strong><\/strong><\/p><ul><li><b>Nom:<\/b> <\/li><li><b>NIF:<\/b> <\/li><li><b>Domicili Social:<\/b> <\/li><li><b>Activitat del lloc web<\/b>: distribuci\u00f3 de contingut relacionat amb <strong><\/strong>, mostra de publicitat, i recomanaci\u00f3 de productes d&#8217;afiliat.<\/li><li><b>Correu electr\u00f2nic<\/b>: <\/li><\/ul><p>Les dades que ens facilitis amb el teu consentiment, i d&#8217;acord amb l&#8217;\u00fas establert a la nostra Pol\u00edtica de Privadesa, seran incorporades a un fitxer automatitzat degudament inscrit a l&#8217;Ag\u00e8ncia Espanyola de Protecci\u00f3 de Dades, on el responsable d&#8217;aquest fitxer \u00e9s:<strong> <\/strong><b> <\/b>Aix\u00f2 vol dir que les teves dades estan segures, d&#8217;acord amb el que estableix la llei.<\/p><p>Les dades personals que ens facilitis, sempre amb el teu consentiment expr\u00e9s, s&#8217;emmagatzemaran i tractaran amb les finalitats previstes i descrites a continuaci\u00f3 en aquesta Pol\u00edtica de Privadesa, fins al moment en qu\u00e8 ens demanis que les eliminem<b>.<\/b><\/p><p>T&#8217;informem que aquesta Pol\u00edtica de Privadesa pot ser modificada en qualsevol moment, per tal d&#8217;adaptar-la a novetats legislatives o canvis en les nostres activitats, sent vigent la que en cada moment es trobe publicada a la web. Aquesta modificaci\u00f3 se us notificar\u00e0 abans de la seva aplicaci\u00f3.<\/p><p><b>CONDICIONS D&#8217;\u00daS<\/b><\/p><p>Has de saber, per a la teva tranquil\u00b7litat, que sempre et sol\u00b7licitarem el teu consentiment expr\u00e9s per demanar les teves dades amb la corresponent finalitat especificada en cada cas, cosa que implica que, en cas d&#8217;atorgar aquest consentiment, has llegit i acceptat aquesta Pol\u00edtica de Privadesa<b>.<\/b><\/p><p>En el moment en qu\u00e8 accedeixis i utilitzis aquesta web, assumeixes la teva condici\u00f3 d&#8217;usuari amb els teus drets i obligacions corresponents.<\/p><p>Si ets major de 13 anys, podr\u00e0s registrar-te com a usuari en aquest lloc web sense el consentiment previ dels teus pares o tutors.<\/p><p>Si ets menor de 13 anys, necessitar\u00e0s el consentiment dels teus pares o tutors per al tractament de les dades personals.<\/p><p><b>REGISTRE I FINALITAT DE LES TEVES DADES<\/b><\/p><p>En funci\u00f3 del formulari o secci\u00f3 a qu\u00e8 accedeixis, et sol\u00b7licitarem exclusivament les dades necess\u00e0ries amb les finalitats descrites a continuaci\u00f3. En tot moment, haur\u00e0s de donar el teu consentiment expr\u00e9s, quan et sol\u00b7licitem informaci\u00f3 personal amb les finalitats seg\u00fcents:<\/p><ul><li>Les finalitats concretes que particularment s&#8217;indiquin a cadascuna de les p\u00e0gines o seccions on aparegui el formulari de registre o contacte electr\u00f2nic.<\/li><li>Amb car\u00e0cter general, per atendre les teves sol\u00b7licituds, comentaris, consultes o qualsevol tipus de petici\u00f3 que facis com a usuari a trav\u00e9s de qualsevol de les formes de contacte que posem a la teva disposici\u00f3<\/li><li>Per informar-te sobre consultes, peticions, activitats, productes, novetats i\/o serveis; via correu electr\u00f2nic, fax, Whatsapp, Skype, tel\u00e8fon proporcionat, sms i mms.<\/li><li>Per enviar-te comunicacions comercials o publicit\u00e0ries a trav\u00e9s de qualsevol altre mitj\u00e0 electr\u00f2nic o f\u00edsic, que possibiliti fer comunicacions.<\/li><\/ul><p>Aquestes comunicacions, sempre seran relacionades amb els nostres productes, serveis, novetats o promocions, aix\u00ed com aquells productes o serveis que puguem considerar del teu inter\u00e8s i que puguin oferir col\u00b7laboradors, empreses o partners amb els que mantinguem acords de promoci\u00f3 o col\u00b7laboraci\u00f3 comercial.<\/p><p>Si \u00e9s aix\u00ed, et garantim que aquests tercers mai no tindran acc\u00e9s a les teves dades personals, amb les excepcions reflectides a continuaci\u00f3, sent en tot cas aquestes comunicacions realitzades per part de <strong><\/strong>, <b>com a titular de la web.<\/b><\/p><p>Aquest lloc web mostra productes d&#8217;afiliats de tercers. Concretament <b>d&#8217;accessoris per a ordinadors.<\/b><\/p><p>Aix\u00f2 vol dir que en fer clic a \u201cCompra Ara\u201d o similar, se&#8217;t redirigir\u00e0 a la p\u00e0gina on s&#8217;ofereixen els productes.<\/p><p>En aquest cas, has de saber que \u00fanicament proporcionem i facilitem els enlla\u00e7os a les p\u00e0gines i\/o plataformes d&#8217;aquests tercers on es poden adquirir els productes que mostrem, per tal de facilitar-ne la recerca i f\u00e0cil adquisici\u00f3.<\/p><p>Aquestes p\u00e0gines enlla\u00e7ades i pertanyents a tercers no han estat revisades ni s\u00f3n objecte de controls, ni recomanaci\u00f3 per part nostra, per la qual cosa en cap cas<strong> <\/strong><b> <\/b>ser\u00e0 considerada responsable dels continguts d&#8217;aquests llocs web, de les responsabilitats derivades del seu \u00fas en tots els \u00e0mbits, ni per les mesures que s&#8217;adoptin relatives a la seva privacitat de l&#8217;usuari.<\/p><p>Per tot aix\u00f2, us recomanem la lectura detinguda i anticipada de totes les condicions d&#8217;\u00fas, condicions de compra, pol\u00edtiques de privadesa, avisos legals i\/o similars d&#8217;aquests llocs enlla\u00e7ats abans de l&#8217;adquisici\u00f3 d&#8217;aquests productes o \u00fas de les webs .<\/p><p><b>EXACTITUD I VERACITAT DE LES DADES<\/b><\/p><p>Com a usuari, ets l&#8217;\u00fanic responsable de la veracitat i la modificaci\u00f3 de les dades que remetis a <strong><\/strong>, exoneran-nos de qualsevol responsabilitat al respecte.<\/p><p>\u00c9s a dir, a tu et correspon garantir i respondre en qualsevol cas de l&#8217;exactitud, la vig\u00e8ncia i l&#8217;autenticitat de les dades personals facilitades, i et compromets a mantenir-les degudament actualitzades.<\/p><p>D&#8217;acord amb all\u00f2 expressat en aquesta Pol\u00edtica de Privadesa, acceptes proporcionar informaci\u00f3 completa i correcta al formulari de contacte o subscripci\u00f3.<\/p><p><b>BAIXES DE SUBSCRIPCI\u00d3 I DRET DE REVOCACI\u00d3<\/b><\/p><p>Com a titular de les dades que ens heu facilitat, podreu exercir en qualsevol moment els vostres drets d&#8217;acc\u00e9s, rectificaci\u00f3, cancel\u00b7laci\u00f3 i oposici\u00f3, enviant-nos un correu electr\u00f2nic a<b><strong><\/strong><\/b>i adjuntant-nos una fotoc\u00f2pia del vostre document d&#8217;identitat com a prova v\u00e0lida.<\/p><p>Igualment, podr\u00e0s donar-te de baixa en qualsevol moment per deixar de rebre la nostra newsletter o qualsevol altra comunicaci\u00f3 comercial, directament des del mateix correu electr\u00f2nic que hagis rebut o enviant-nos un correu a <strong><\/strong><b>.<\/b><\/p><p><b>ACC\u00c9S A DADES PER COMPTE DE TERCERS<\/b><\/p><p>Per poder prestar serveis estrictament necessaris per al funcionament i desenvolupament de les activitats d&#8217;aquest lloc web, us informem que compartim dades amb els seg\u00fcents prestadors de servei sota les seves corresponents condicions de privadesa.<\/p><p>Pots tenir la tranquil\u00b7litat total que aquests tercers no podran utilitzar aquesta informaci\u00f3 per a cap altre fi que no estigui regulat espec\u00edficament en les nostres relacions amb ells en virtut de la normativa aplicable en mat\u00e8ria de protecci\u00f3 de dades de car\u00e0cter personal.<\/p><p>Aquest lloc web est\u00e0 allotjat a <b><strong><\/strong><\/b>, amb marca comercial <b><strong><\/strong><\/b>, que proporciona els serveis de hosting perqu\u00e8 puguis accedir i navegar pel nostre lloc. Pots consultar la pol\u00edtica de privadesa i altres aspectes legals d&#8217;aquesta empresa al seg\u00fcent enlla\u00e7: <b><strong><\/strong><\/b><b>.<\/b><\/p><p>La nostra web utilitza servidors publicitaris per tal de facilitar els continguts comercials que visualitzes a les nostres p\u00e0gines. Aquests servidors publicitaris utilitzen cookies que us permeten adaptar els continguts publicitaris als perfils demogr\u00e0fics dels usuaris:<\/p><p><b>Google Analytics:<\/b><\/p><p>Google Analytics \u00e9s un servei anal\u00edtic de web prestat per Google, Inc., una companyia de Delaware que t\u00e9 com a oficina principal el 1600 Amphitheatre Parkway, Mountain View (Calif\u00f2rnia), CA 94043, Estats Units (\u201cGoogle\u201d).<\/p><p>Google Analytics utilitza \u201ccookies\u201d, que s\u00f3n arxius de text ubicats al vostre ordinador, per ajudar el website a analitzar l&#8217;\u00fas que fan els usuaris del lloc web.<\/p><p>La informaci\u00f3 que genera la galeta sobre el teu \u00fas del website (incloent la teva adre\u00e7a IP) ser\u00e0 directament transmesa i arxivada per Google. Google utilitzar\u00e0 aquesta informaci\u00f3 per compte nostre amb el prop\u00f2sit de seguir la pista del vostre \u00fas del website, recopilant informes de l&#8217;activitat del website i prestant altres serveis relacionats amb l&#8217;activitat del website i l&#8217;\u00fas d&#8217;Internet.<\/p><p>Google podr\u00e0 transmetre aquesta informaci\u00f3 a tercers quan aix\u00ed ho requereixi la legislaci\u00f3, o quan aquests tercers processin la informaci\u00f3 per compte de Google. Google no associar\u00e0 la vostra adre\u00e7a IP amb cap altra dada de qu\u00e8 disposeu.<\/p><p>Google no asociar\u00e1 su direcci\u00f3n IP con ning\u00fan otro dato del que disponga.<\/p><p>En utilitzar aquesta web, d&#8217;acord amb la informaci\u00f3 facilitada en aquesta Pol\u00edtica de Privadesa, acceptes el tractament de dades per part de Google en la forma i per als fins indicats.<\/p><p>Per a m\u00e9s informaci\u00f3, podeu consultar la pol\u00edtica de privadesa de Google <b>a<\/b> <a href=\"https:\/\/www.google.com\/intl\/es\/policies\/privacy\/\">https:\/\/www.google.com\/intl\/es\/policies\/privacy\/.<\/a><\/p><p><b>Google Adsense:<\/b><\/p><p>Google, com a prove\u00efdor associat, utilitza galetes per publicar anuncis en aquest lloc web. Podeu inhabilitar l&#8217;\u00fas de la galeta de DART mitjan\u00e7ant l&#8217;anunci de Google i accedint a la pol\u00edtica de privadesa de la xarxa de contingut: <a href=\"https:\/\/www.google.com\/intl\/es\/policies\/privacy\/\">https:\/\/www.google.com\/intl\/es\/policies\/privacy\/<\/a>.<\/p><p>Google utilitza empreses publicit\u00e0ries associades per publicar anuncis quan visiteu el nostre lloc web. \u00c9s possible que aquestes empreses usin la informaci\u00f3 que obtenen de les vostres visites a aquest i altres llocs web (sense incloure el vostre nom, adre\u00e7a, adre\u00e7a de correu electr\u00f2nic o n\u00famero de tel\u00e8fon) per oferir-vos anuncis sobre productes i serveis que us resultin d&#8217;inter\u00e8s.<\/p><p>En utilitzar aquesta web, consenteixes el tractament de dades per part de Google en la forma i per als fins indicats.<\/p><p>Si voleu saber m\u00e9s sobre l&#8217;\u00fas de cookies i les pr\u00e0ctiques de recopilaci\u00f3 d&#8217;informaci\u00f3 i els procediments d&#8217;acceptaci\u00f3 o rebuig, consulteu la nostra POL\u00cdTICA DE COOKIES.<\/p><p><b>MESURES DE SEGURETAT<\/b><\/p><p>Com a titular de la web<b>, <strong><\/strong><\/b> ha adoptat totes les mesures t\u00e8cniques i d&#8217;organitzaci\u00f3 necess\u00e0ria per garantir la seguretat i la integritat de les dades de car\u00e0cter personal que tracti, aix\u00ed com per evitar-ne la p\u00e8rdua, l&#8217;alteraci\u00f3 i\/o l&#8217;acc\u00e9s per part de tercers no autoritzats.<\/p><p>Us recordem que, per a m\u00e9s informaci\u00f3, podeu consultar les nostres p\u00e0gines d&#8217;<b>Av\u00eds Legal<\/b> i <b>Pol\u00edtica de Cookies<\/b>.<\/p>\t\t\t\t\t\t\t\t<\/div>\n\t\t\t\t<\/div>\n\t\t\t\t\t<\/div>\n\t\t\t\t<\/div>\n\t\t\t\t<\/div>\n\t\t","protected":false},"excerpt":{"rendered":"<p>POL\u00cdTICA DE PRIVACITAT Si ets aqu\u00ed \u00e9s perqu\u00e8 vols saber m\u00e9s sobre les obligacions i els drets que et corresponen com a usuari d&#8217;aquesta web i aix\u00f2 est\u00e0 molt b\u00e9. El nostre deure \u00e9s informar-te i el teu estar degudament informat. En aquesta Pol\u00edtica de Privadesa t&#8217;informarem amb total transpar\u00e8ncia sobre la finalitat d&#8217;aquest lloc [&hellip;]<\/p>\n","protected":false},"author":2,"featured_media":0,"parent":0,"menu_order":0,"comment_status":"closed","ping_status":"open","template":"elementor_header_footer","meta":{"_acf_changed":false,"inline_featured_image":false,"footnotes":""},"class_list":["post-510","page","type-page","status-publish","hentry"],"acf":[],"yoast_head":"<!-- This site is optimized with the Yoast SEO plugin v27.4 - https:\/\/yoast.com\/product\/yoast-seo-wordpress\/ -->\n<title>\u25b7Pol\u00edtica de privadesa - \u3010 David Farre \u3011<\/title>\n<meta name=\"description\" content=\"POL\u00cdTICA DE PRIVACITAT Si ets aqu\u00ed \u00e9s perqu\u00e8 vols saber m\u00e9s sobre les obligacions i els drets que et corresponen com a usuari d&#039;aquesta web i aix\u00f2 est\u00e0 \u2713\" \/>\n<meta name=\"robots\" content=\"noindex, nofollow\" \/>\n<meta property=\"og:locale\" content=\"ca_ES\" \/>\n<meta property=\"og:type\" content=\"article\" \/>\n<meta property=\"og:title\" content=\"\u25b7Pol\u00edtica de privadesa - \u3010 David Farre \u3011\" \/>\n<meta property=\"og:description\" content=\"POL\u00cdTICA DE PRIVACITAT Si ets aqu\u00ed \u00e9s perqu\u00e8 vols saber m\u00e9s sobre les obligacions i els drets que et corresponen com a usuari d&#039;aquesta web i aix\u00f2 est\u00e0 \u2713\" \/>\n<meta property=\"og:url\" content=\"https:\/\/davidfarre.net\/ca\/politica-de-privadesa\/\" \/>\n<meta property=\"og:site_name\" content=\"David Farre\" \/>\n<meta property=\"article:modified_time\" content=\"2025-06-03T11:34:55+00:00\" \/>\n<meta name=\"twitter:card\" content=\"summary_large_image\" \/>\n<meta name=\"twitter:label1\" content=\"Temps estimat de lectura\" \/>\n\t<meta name=\"twitter:data1\" content=\"10 minuts\" \/>\n<!-- \/ Yoast SEO plugin. -->","yoast_head_json":{"title":"\u25b7Pol\u00edtica de privadesa - \u3010 David Farre \u3011","description":"POL\u00cdTICA DE PRIVACITAT Si ets aqu\u00ed \u00e9s perqu\u00e8 vols saber m\u00e9s sobre les obligacions i els drets que et corresponen com a usuari d'aquesta web i aix\u00f2 est\u00e0 \u2713","robots":{"index":"noindex","follow":"nofollow"},"og_locale":"ca_ES","og_type":"article","og_title":"\u25b7Pol\u00edtica de privadesa - \u3010 David Farre \u3011","og_description":"POL\u00cdTICA DE PRIVACITAT Si ets aqu\u00ed \u00e9s perqu\u00e8 vols saber m\u00e9s sobre les obligacions i els drets que et corresponen com a usuari d'aquesta web i aix\u00f2 est\u00e0 \u2713","og_url":"https:\/\/davidfarre.net\/ca\/politica-de-privadesa\/","og_site_name":"David Farre","article_modified_time":"2025-06-03T11:34:55+00:00","twitter_card":"summary_large_image","twitter_misc":{"Temps estimat de lectura":"10 minuts"},"schema":{"@context":"https:\/\/schema.org","@graph":[{"@type":"WebPage","@id":"https:\/\/davidfarre.net\/ca\/politica-de-privadesa\/","url":"https:\/\/davidfarre.net\/ca\/politica-de-privadesa\/","name":"\u25b7Pol\u00edtica de privadesa - \u3010 David Farre \u3011","isPartOf":{"@id":"https:\/\/davidfarre.net\/#website"},"datePublished":"2021-10-14T13:46:36+00:00","dateModified":"2025-06-03T11:34:55+00:00","description":"POL\u00cdTICA DE PRIVACITAT Si ets aqu\u00ed \u00e9s perqu\u00e8 vols saber m\u00e9s sobre les obligacions i els drets que et corresponen com a usuari d'aquesta web i aix\u00f2 est\u00e0 \u2713","breadcrumb":{"@id":"https:\/\/davidfarre.net\/ca\/politica-de-privadesa\/#breadcrumb"},"inLanguage":"ca","potentialAction":[{"@type":"ReadAction","target":["https:\/\/davidfarre.net\/ca\/politica-de-privadesa\/"]}]},{"@type":"BreadcrumbList","@id":"https:\/\/davidfarre.net\/ca\/politica-de-privadesa\/#breadcrumb","itemListElement":[{"@type":"ListItem","position":1,"name":"Portada","item":"https:\/\/davidfarre.net\/ca\/home-2\/"},{"@type":"ListItem","position":2,"name":"Pol\u00edtica de privadesa"}]},{"@type":"WebSite","@id":"https:\/\/davidfarre.net\/#website","url":"https:\/\/davidfarre.net\/","name":"David Farre","description":"Just another WordPress site","publisher":{"@id":"https:\/\/davidfarre.net\/#organization"},"potentialAction":[{"@type":"SearchAction","target":{"@type":"EntryPoint","urlTemplate":"https:\/\/davidfarre.net\/?s={search_term_string}"},"query-input":{"@type":"PropertyValueSpecification","valueRequired":true,"valueName":"search_term_string"}}],"inLanguage":"ca"},{"@type":"Organization","@id":"https:\/\/davidfarre.net\/#organization","name":"David Farre","url":"https:\/\/davidfarre.net\/","logo":{"@type":"ImageObject","inLanguage":"ca","@id":"https:\/\/davidfarre.net\/#\/schema\/logo\/image\/","url":"https:\/\/davidfarre.net\/wp-content\/uploads\/2024\/11\/davidfarre.png","contentUrl":"https:\/\/davidfarre.net\/wp-content\/uploads\/2024\/11\/davidfarre.png","width":701,"height":427,"caption":"David Farre"},"image":{"@id":"https:\/\/davidfarre.net\/#\/schema\/logo\/image\/"}}]}},"_links":{"self":[{"href":"https:\/\/davidfarre.net\/ca\/wp-json\/wp\/v2\/pages\/510","targetHints":{"allow":["GET"]}}],"collection":[{"href":"https:\/\/davidfarre.net\/ca\/wp-json\/wp\/v2\/pages"}],"about":[{"href":"https:\/\/davidfarre.net\/ca\/wp-json\/wp\/v2\/types\/page"}],"author":[{"embeddable":true,"href":"https:\/\/davidfarre.net\/ca\/wp-json\/wp\/v2\/users\/2"}],"replies":[{"embeddable":true,"href":"https:\/\/davidfarre.net\/ca\/wp-json\/wp\/v2\/comments?post=510"}],"version-history":[{"count":2,"href":"https:\/\/davidfarre.net\/ca\/wp-json\/wp\/v2\/pages\/510\/revisions"}],"predecessor-version":[{"id":2760,"href":"https:\/\/davidfarre.net\/ca\/wp-json\/wp\/v2\/pages\/510\/revisions\/2760"}],"wp:attachment":[{"href":"https:\/\/davidfarre.net\/ca\/wp-json\/wp\/v2\/media?parent=510"}],"curies":[{"name":"wp","href":"https:\/\/api.w.org\/{rel}","templated":true}]}}