{"id":2620,"date":"2022-06-22T10:25:07","date_gmt":"2022-06-22T08:25:07","guid":{"rendered":"https:\/\/davidfarre.net\/home-2\/"},"modified":"2025-08-01T11:20:16","modified_gmt":"2025-08-01T09:20:16","slug":"home-2","status":"publish","type":"page","link":"https:\/\/davidfarre.net\/ca\/","title":{"rendered":"Home"},"content":{"rendered":"\t\t<div data-elementor-type=\"wp-page\" data-elementor-id=\"2620\" class=\"elementor elementor-2620 elementor-111\" data-elementor-post-type=\"page\">\n\t\t\t\t<div class=\"elementor-element elementor-element-ee9125b e-con-full e-flex e-con e-parent\" data-id=\"ee9125b\" data-element_type=\"container\" data-e-type=\"container\" data-settings=\"{&quot;background_background&quot;:&quot;classic&quot;}\">\n\t\t<div class=\"elementor-element elementor-element-15690dc e-con-full e-flex e-con e-child\" data-id=\"15690dc\" data-element_type=\"container\" data-e-type=\"container\" data-settings=\"{&quot;background_background&quot;:&quot;classic&quot;}\">\n\t\t\t\t<div class=\"elementor-element elementor-element-42133b8 elementor-widget elementor-widget-text-editor\" data-id=\"42133b8\" data-element_type=\"widget\" data-e-type=\"widget\" data-widget_type=\"text-editor.default\">\n\t\t\t\t<div class=\"elementor-widget-container\">\n\t\t\t\t\t\t\t\t\t<p>INVENTA EL TEU LOOK<\/p>\t\t\t\t\t\t\t\t<\/div>\n\t\t\t\t<\/div>\n\t\t\t\t<div class=\"elementor-element elementor-element-60ddbeb elementor-headline--style-rotate elementor-widget elementor-widget-animated-headline\" data-id=\"60ddbeb\" data-element_type=\"widget\" data-e-type=\"widget\" data-settings=\"{&quot;headline_style&quot;:&quot;rotate&quot;,&quot;rotating_text&quot;:&quot;...\\n dona\\n home&quot;,&quot;rotate_iteration_delay&quot;:1000,&quot;animation_type&quot;:&quot;typing&quot;,&quot;loop&quot;:&quot;yes&quot;}\" data-widget_type=\"animated-headline.default\">\n\t\t\t\t<div class=\"elementor-widget-container\">\n\t\t\t\t\t\t\t<h1 class=\"elementor-headline elementor-headline-animation-type-typing elementor-headline-letters\">\n\t\t\t\t\t<span class=\"elementor-headline-plain-text elementor-headline-text-wrapper\">Ca\u00e7adores de pell per<\/span>\n\t\t\t\t<span class=\"elementor-headline-dynamic-wrapper elementor-headline-text-wrapper\">\n\t\t\t\t\t<span class=\"elementor-headline-dynamic-text elementor-headline-text-active\">\n\t\t\t\t...\t\t\t<\/span>\n\t\t\t\t\t<span class=\"elementor-headline-dynamic-text\">\n\t\t\t\t&nbsp;dona\t\t\t<\/span>\n\t\t\t\t\t<span class=\"elementor-headline-dynamic-text\">\n\t\t\t\t&nbsp;home\t\t\t<\/span>\n\t\t\t\t\t\t<\/span>\n\t\t\t\t<\/h1>\n\t\t\t\t\t\t<\/div>\n\t\t\t\t<\/div>\n\t\t\t\t<div class=\"elementor-element elementor-element-3a63756 elementor-align-left elementor-widget elementor-widget-button\" data-id=\"3a63756\" data-element_type=\"widget\" data-e-type=\"widget\" data-widget_type=\"button.default\">\n\t\t\t\t<div class=\"elementor-widget-container\">\n\t\t\t\t\t\t\t\t\t<div class=\"elementor-button-wrapper\">\n\t\t\t\t\t<a class=\"elementor-button elementor-button-link elementor-size-sm\" href=\"\/#ultimos-productos\">\n\t\t\t\t\t\t<span class=\"elementor-button-content-wrapper\">\n\t\t\t\t\t\t\t\t\t<span class=\"elementor-button-text\">Descobreix les novetats<\/span>\n\t\t\t\t\t<\/span>\n\t\t\t\t\t<\/a>\n\t\t\t\t<\/div>\n\t\t\t\t\t\t\t\t<\/div>\n\t\t\t\t<\/div>\n\t\t\t\t<\/div>\n\t\t\t\t<\/div>\n\t\t<div class=\"elementor-element elementor-element-13e307c e-flex e-con-boxed e-con e-parent\" data-id=\"13e307c\" data-element_type=\"container\" data-e-type=\"container\">\n\t\t\t\t\t<div class=\"e-con-inner\">\n\t\t\t\t<div class=\"elementor-element elementor-element-49fd52b elementor-widget__width-initial elementor-widget elementor-widget-heading\" data-id=\"49fd52b\" data-element_type=\"widget\" data-e-type=\"widget\" data-widget_type=\"heading.default\">\n\t\t\t\t<div class=\"elementor-widget-container\">\n\t\t\t\t\t<h2 class=\"elementor-heading-title elementor-size-default\">Les nostres col\u00b7leccions<\/h2>\t\t\t\t<\/div>\n\t\t\t\t<\/div>\n\t\t\t\t<div class=\"elementor-element elementor-element-f2e3e4c elementor-widget elementor-widget-text-editor\" data-id=\"f2e3e4c\" data-element_type=\"widget\" data-e-type=\"widget\" data-widget_type=\"text-editor.default\">\n\t\t\t\t<div class=\"elementor-widget-container\">\n\t\t\t\t\t\t\t\t\t<p>Jaquetes \u00faniques que realcen el teu estil. Qualitat i tend\u00e8ncia a cada pe\u00e7a<\/p>\t\t\t\t\t\t\t\t<\/div>\n\t\t\t\t<\/div>\n\t\t<div class=\"elementor-element elementor-element-29e3306 e-con-full e-flex e-con e-child\" data-id=\"29e3306\" data-element_type=\"container\" data-e-type=\"container\">\n\t\t\t\t<div class=\"elementor-element elementor-element-a68e9e8 elementor-flip-box--effect-fade elementor-widget elementor-widget-flip-box\" data-id=\"a68e9e8\" data-element_type=\"widget\" data-e-type=\"widget\" data-widget_type=\"flip-box.default\">\n\t\t\t\t<div class=\"elementor-widget-container\">\n\t\t\t\t\t\t\t<div class=\"elementor-flip-box\" tabindex=\"0\">\n\t\t\t<div class=\"elementor-flip-box__layer elementor-flip-box__front\">\n\t\t\t\t<div class=\"elementor-flip-box__layer__overlay\">\n\t\t\t\t\t<div class=\"elementor-flip-box__layer__inner\">\n\t\t\t\t\t\t\n\t\t\t\t\t\t\n\t\t\t\t\t\t\t\t\t\t\t<\/div>\n\t\t\t\t<\/div>\n\t\t\t<\/div>\n\t\t\t<div class=\"elementor-flip-box__layer elementor-flip-box__back\">\n\t\t\t<div class=\"elementor-flip-box__layer__overlay\">\n\t\t\t\t<div class=\"elementor-flip-box__layer__inner\">\n\t\t\t\t\t\t\t\t\t\t\t<h3 class=\"elementor-flip-box__layer__title\">\n\t\t\t\t\t\t\tCa\u00e7adores per a dona\t\t\t\t\t\t<\/h3>\n\t\t\t\t\t\n\t\t\t\t\t\t\t\t\t\t\t<div class=\"elementor-flip-box__layer__description\">\n\t\t\t\t\t\t\tCa\u00e7adores a mida de pell de m\u00e0xima qualitat fetes per artesans amb m\u00e9s de 20 anys d'experi\u00e8ncia\t\t\t\t\t\t<\/div>\n\t\t\t\t\t\n\t\t\t\t\t\t\t\t\t\t\t<a class=\"elementor-flip-box__button elementor-button elementor-size-sm\" href=\"https:\/\/davidfarre.net\/ca\/dona\/\">\n\t\t\t\t\t\t\tVeure M\u00e9s\t\t\t\t\t\t<\/a>\n\t\t\t\t\t\t\t\t<\/div>\n\t\t<\/div>\n\t\t<\/div>\n\t\t<\/div>\n\t\t\t\t\t\t<\/div>\n\t\t\t\t<\/div>\n\t\t\t\t<div class=\"elementor-element elementor-element-1edc068 elementor-flip-box--effect-fade elementor-widget elementor-widget-flip-box\" data-id=\"1edc068\" data-element_type=\"widget\" data-e-type=\"widget\" data-widget_type=\"flip-box.default\">\n\t\t\t\t<div class=\"elementor-widget-container\">\n\t\t\t\t\t\t\t<div class=\"elementor-flip-box\" tabindex=\"0\">\n\t\t\t<div class=\"elementor-flip-box__layer elementor-flip-box__front\">\n\t\t\t\t<div class=\"elementor-flip-box__layer__overlay\">\n\t\t\t\t\t<div class=\"elementor-flip-box__layer__inner\">\n\t\t\t\t\t\t\n\t\t\t\t\t\t\n\t\t\t\t\t\t\t\t\t\t\t<\/div>\n\t\t\t\t<\/div>\n\t\t\t<\/div>\n\t\t\t<div class=\"elementor-flip-box__layer elementor-flip-box__back\">\n\t\t\t<div class=\"elementor-flip-box__layer__overlay\">\n\t\t\t\t<div class=\"elementor-flip-box__layer__inner\">\n\t\t\t\t\t\t\t\t\t\t\t<h3 class=\"elementor-flip-box__layer__title\">\n\t\t\t\t\t\t\tCa\u00e7adores per a home\t\t\t\t\t\t<\/h3>\n\t\t\t\t\t\n\t\t\t\t\t\t\t\t\t\t\t<div class=\"elementor-flip-box__layer__description\">\n\t\t\t\t\t\t\tJaquetes de pell personalitzades confeccionades amb cura per mans expertes, combinant tradici\u00f3 i disseny.\t\t\t\t\t\t<\/div>\n\t\t\t\t\t\n\t\t\t\t\t\t\t\t\t\t\t<a class=\"elementor-flip-box__button elementor-button elementor-size-sm\" href=\"https:\/\/davidfarre.net\/ca\/home\/\">\n\t\t\t\t\t\t\tVeure M\u00e9s\t\t\t\t\t\t<\/a>\n\t\t\t\t\t\t\t\t<\/div>\n\t\t<\/div>\n\t\t<\/div>\n\t\t<\/div>\n\t\t\t\t\t\t<\/div>\n\t\t\t\t<\/div>\n\t\t\t\t<div class=\"elementor-element elementor-element-c1ca08b elementor-flip-box--effect-fade elementor-widget elementor-widget-flip-box\" data-id=\"c1ca08b\" data-element_type=\"widget\" data-e-type=\"widget\" data-widget_type=\"flip-box.default\">\n\t\t\t\t<div class=\"elementor-widget-container\">\n\t\t\t\t\t\t\t<div class=\"elementor-flip-box\" tabindex=\"0\">\n\t\t\t<div class=\"elementor-flip-box__layer elementor-flip-box__front\">\n\t\t\t\t<div class=\"elementor-flip-box__layer__overlay\">\n\t\t\t\t\t<div class=\"elementor-flip-box__layer__inner\">\n\t\t\t\t\t\t\n\t\t\t\t\t\t\n\t\t\t\t\t\t\t\t\t\t\t<\/div>\n\t\t\t\t<\/div>\n\t\t\t<\/div>\n\t\t\t<div class=\"elementor-flip-box__layer elementor-flip-box__back\">\n\t\t\t<div class=\"elementor-flip-box__layer__overlay\">\n\t\t\t\t<div class=\"elementor-flip-box__layer__inner\">\n\t\t\t\t\t\t\t\t\t\t\t<h3 class=\"elementor-flip-box__layer__title\">\n\t\t\t\t\t\t\tComplements\t\t\t\t\t\t<\/h3>\n\t\t\t\t\t\n\t\t\t\t\t\t\t\t\t\t\t<div class=\"elementor-flip-box__layer__description\">\n\t\t\t\t\t\t\tComplements de pell \u00fanics elaborats a mida, combinant funcionalitat i estil amb un acabat impecable.\t\t\t\t\t\t<\/div>\n\t\t\t\t\t\n\t\t\t\t\t\t\t\t\t\t\t<a class=\"elementor-flip-box__button elementor-button elementor-size-sm\" href=\"https:\/\/davidfarre.net\/ca\/complements\/\">\n\t\t\t\t\t\t\tVeure M\u00e9s\t\t\t\t\t\t<\/a>\n\t\t\t\t\t\t\t\t<\/div>\n\t\t<\/div>\n\t\t<\/div>\n\t\t<\/div>\n\t\t\t\t\t\t<\/div>\n\t\t\t\t<\/div>\n\t\t\t\t<\/div>\n\t\t\t\t\t<\/div>\n\t\t\t\t<\/div>\n\t\t<div class=\"elementor-element elementor-element-570e6e1 e-con-full e-flex e-con e-parent\" data-id=\"570e6e1\" data-element_type=\"container\" data-e-type=\"container\" id=\"ultimos-productos\">\n\t\t\t\t<div class=\"elementor-element elementor-element-26102dc elementor-widget__width-initial elementor-widget elementor-widget-heading\" data-id=\"26102dc\" data-element_type=\"widget\" data-e-type=\"widget\" data-widget_type=\"heading.default\">\n\t\t\t\t<div class=\"elementor-widget-container\">\n\t\t\t\t\t<h2 class=\"elementor-heading-title elementor-size-default\">Les millors ca\u00e7adores de pell<\/h2>\t\t\t\t<\/div>\n\t\t\t\t<\/div>\n\t\t\t\t<div class=\"elementor-element elementor-element-35b47ec elementor-widget elementor-widget-text-editor\" data-id=\"35b47ec\" data-element_type=\"widget\" data-e-type=\"widget\" data-widget_type=\"text-editor.default\">\n\t\t\t\t<div class=\"elementor-widget-container\">\n\t\t\t\t\t\t\t\t\t<p>Fes una ullada als nostres productes m\u00e9s venuts<\/p>\t\t\t\t\t\t\t\t<\/div>\n\t\t\t\t<\/div>\n\t\t\t\t<\/div>\n\t\t<div class=\"elementor-element elementor-element-1258eda e-flex e-con-boxed e-con e-parent\" data-id=\"1258eda\" data-element_type=\"container\" data-e-type=\"container\" data-settings=\"{&quot;background_background&quot;:&quot;classic&quot;}\">\n\t\t\t\t\t<div class=\"e-con-inner\">\n\t\t<div class=\"elementor-element elementor-element-3384e2b e-con-full e-flex e-con e-child\" data-id=\"3384e2b\" data-element_type=\"container\" data-e-type=\"container\">\n\t\t\t\t<div class=\"elementor-element elementor-element-d484190 elementor-widget elementor-widget-heading\" data-id=\"d484190\" data-element_type=\"widget\" data-e-type=\"widget\" data-widget_type=\"heading.default\">\n\t\t\t\t<div class=\"elementor-widget-container\">\n\t\t\t\t\t<h3 class=\"elementor-heading-title elementor-size-default\">Amb m\u00e9s de 30 anys d'experi\u00e8ncia<\/h3>\t\t\t\t<\/div>\n\t\t\t\t<\/div>\n\t\t\t\t<div class=\"elementor-element elementor-element-b035839 elementor-widget elementor-widget-text-editor\" data-id=\"b035839\" data-element_type=\"widget\" data-e-type=\"widget\" data-widget_type=\"text-editor.default\">\n\t\t\t\t<div class=\"elementor-widget-container\">\n\t\t\t\t\t\t\t\t\t<p>La nostra empresa ofereix qualitat, confort i disseny<\/p>\t\t\t\t\t\t\t\t<\/div>\n\t\t\t\t<\/div>\n\t\t\t\t<div class=\"elementor-element elementor-element-d4ae391 elementor-align-left elementor-widget elementor-widget-button\" data-id=\"d4ae391\" data-element_type=\"widget\" data-e-type=\"widget\" data-widget_type=\"button.default\">\n\t\t\t\t<div class=\"elementor-widget-container\">\n\t\t\t\t\t\t\t\t\t<div class=\"elementor-button-wrapper\">\n\t\t\t\t\t<a class=\"elementor-button elementor-button-link elementor-size-sm\" href=\"#\">\n\t\t\t\t\t\t<span class=\"elementor-button-content-wrapper\">\n\t\t\t\t\t\t\t\t\t<span class=\"elementor-button-text\">Veure productes<\/span>\n\t\t\t\t\t<\/span>\n\t\t\t\t\t<\/a>\n\t\t\t\t<\/div>\n\t\t\t\t\t\t\t\t<\/div>\n\t\t\t\t<\/div>\n\t\t\t\t<\/div>\n\t\t<div class=\"elementor-element elementor-element-af637b1 e-con-full e-flex e-con e-child\" data-id=\"af637b1\" data-element_type=\"container\" data-e-type=\"container\" data-settings=\"{&quot;background_background&quot;:&quot;classic&quot;}\">\n\t\t\t\t<div class=\"elementor-element elementor-element-252f852 elementor-widget elementor-widget-spacer\" data-id=\"252f852\" data-element_type=\"widget\" data-e-type=\"widget\" data-widget_type=\"spacer.default\">\n\t\t\t\t<div class=\"elementor-widget-container\">\n\t\t\t\t\t\t\t<div class=\"elementor-spacer\">\n\t\t\t<div class=\"elementor-spacer-inner\"><\/div>\n\t\t<\/div>\n\t\t\t\t\t\t<\/div>\n\t\t\t\t<\/div>\n\t\t\t\t<\/div>\n\t\t\t\t\t<\/div>\n\t\t\t\t<\/div>\n\t\t\t\t<\/div>\n\t\t","protected":false},"excerpt":{"rendered":"<p>INVENTA EL TEU LOOK Ca\u00e7adores de pell per &#8230; &nbsp;dona &nbsp;home Descobreix les novetats Les nostres col\u00b7leccions Jaquetes \u00faniques que realcen el teu estil. Qualitat i tend\u00e8ncia a cada pe\u00e7a Ca\u00e7adores per a dona Ca\u00e7adores a mida de pell de m\u00e0xima qualitat fetes per artesans amb m\u00e9s de 20 anys d&#8217;experi\u00e8ncia Veure M\u00e9s Ca\u00e7adores per [&hellip;]<\/p>\n","protected":false},"author":2,"featured_media":4808,"parent":0,"menu_order":0,"comment_status":"closed","ping_status":"closed","template":"","meta":{"_acf_changed":false,"inline_featured_image":false,"footnotes":""},"class_list":["post-2620","page","type-page","status-publish","has-post-thumbnail","hentry"],"acf":[],"yoast_head":"<!-- This site is optimized with the Yoast SEO plugin v27.4 - https:\/\/yoast.com\/product\/yoast-seo-wordpress\/ -->\n<title>David Farre | Jaquetes i complements de pell<\/title>\n<meta name=\"description\" content=\"David Farr\u00e9: jaquetes i complements artesanals de pell per a home i dona. Disseny personalitzat, luxe funcional i qualitat impecable.\" \/>\n<meta name=\"robots\" content=\"index, follow, max-snippet:-1, max-image-preview:large, max-video-preview:-1\" \/>\n<link rel=\"canonical\" href=\"https:\/\/davidfarre.net\/ca\/home-2\/\" \/>\n<meta property=\"og:locale\" content=\"ca_ES\" \/>\n<meta property=\"og:type\" content=\"article\" \/>\n<meta property=\"og:title\" content=\"David Farre | Jaquetes i complements de pell\" \/>\n<meta property=\"og:description\" content=\"David Farr\u00e9: jaquetes i complements artesanals de pell per a home i dona. Disseny personalitzat, luxe funcional i qualitat impecable.\" \/>\n<meta property=\"og:url\" content=\"https:\/\/davidfarre.net\/ca\/home-2\/\" \/>\n<meta property=\"og:site_name\" content=\"David Farre\" \/>\n<meta property=\"article:modified_time\" content=\"2025-08-01T09:20:16+00:00\" \/>\n<meta name=\"twitter:card\" content=\"summary_large_image\" \/>\n<meta name=\"twitter:label1\" content=\"Temps estimat de lectura\" \/>\n\t<meta name=\"twitter:data1\" content=\"1 minut\" \/>\n<!-- \/ Yoast SEO plugin. -->","yoast_head_json":{"title":"David Farre | Jaquetes i complements de pell","description":"David Farr\u00e9: jaquetes i complements artesanals de pell per a home i dona. Disseny personalitzat, luxe funcional i qualitat impecable.","robots":{"index":"index","follow":"follow","max-snippet":"max-snippet:-1","max-image-preview":"max-image-preview:large","max-video-preview":"max-video-preview:-1"},"canonical":"https:\/\/davidfarre.net\/ca\/home-2\/","og_locale":"ca_ES","og_type":"article","og_title":"David Farre | Jaquetes i complements de pell","og_description":"David Farr\u00e9: jaquetes i complements artesanals de pell per a home i dona. Disseny personalitzat, luxe funcional i qualitat impecable.","og_url":"https:\/\/davidfarre.net\/ca\/home-2\/","og_site_name":"David Farre","article_modified_time":"2025-08-01T09:20:16+00:00","twitter_card":"summary_large_image","twitter_misc":{"Temps estimat de lectura":"1 minut"},"schema":{"@context":"https:\/\/schema.org","@graph":[{"@type":"WebPage","@id":"https:\/\/davidfarre.net\/ca\/home-2\/","url":"https:\/\/davidfarre.net\/ca\/home-2\/","name":"David Farre | Jaquetes i complements de pell","isPartOf":{"@id":"https:\/\/davidfarre.net\/#website"},"primaryImageOfPage":{"@id":"https:\/\/davidfarre.net\/ca\/home-2\/#primaryimage"},"image":{"@id":"https:\/\/davidfarre.net\/ca\/home-2\/#primaryimage"},"thumbnailUrl":"https:\/\/davidfarre.net\/wp-content\/uploads\/2026\/02\/Captura-de-pantalla-2025-12-28-a-las-17.13.36-e1774607972550.png","datePublished":"2022-06-22T08:25:07+00:00","dateModified":"2025-08-01T09:20:16+00:00","description":"David Farr\u00e9: jaquetes i complements artesanals de pell per a home i dona. Disseny personalitzat, luxe funcional i qualitat impecable.","breadcrumb":{"@id":"https:\/\/davidfarre.net\/ca\/home-2\/#breadcrumb"},"inLanguage":"ca","potentialAction":[{"@type":"ReadAction","target":["https:\/\/davidfarre.net\/ca\/home-2\/"]}]},{"@type":"ImageObject","inLanguage":"ca","@id":"https:\/\/davidfarre.net\/ca\/home-2\/#primaryimage","url":"https:\/\/davidfarre.net\/wp-content\/uploads\/2026\/02\/Captura-de-pantalla-2025-12-28-a-las-17.13.36-e1774607972550.png","contentUrl":"https:\/\/davidfarre.net\/wp-content\/uploads\/2026\/02\/Captura-de-pantalla-2025-12-28-a-las-17.13.36-e1774607972550.png","width":271,"height":400,"caption":"abrigo de piel con zorro"},{"@type":"BreadcrumbList","@id":"https:\/\/davidfarre.net\/ca\/home-2\/#breadcrumb","itemListElement":[{"@type":"ListItem","position":1,"name":"Portada","item":"https:\/\/davidfarre.net\/ca\/home-2\/"},{"@type":"ListItem","position":2,"name":"Home"}]},{"@type":"WebSite","@id":"https:\/\/davidfarre.net\/#website","url":"https:\/\/davidfarre.net\/","name":"David Farre","description":"Just another WordPress site","publisher":{"@id":"https:\/\/davidfarre.net\/#organization"},"potentialAction":[{"@type":"SearchAction","target":{"@type":"EntryPoint","urlTemplate":"https:\/\/davidfarre.net\/?s={search_term_string}"},"query-input":{"@type":"PropertyValueSpecification","valueRequired":true,"valueName":"search_term_string"}}],"inLanguage":"ca"},{"@type":"Organization","@id":"https:\/\/davidfarre.net\/#organization","name":"David Farre","url":"https:\/\/davidfarre.net\/","logo":{"@type":"ImageObject","inLanguage":"ca","@id":"https:\/\/davidfarre.net\/#\/schema\/logo\/image\/","url":"https:\/\/davidfarre.net\/wp-content\/uploads\/2024\/11\/davidfarre.png","contentUrl":"https:\/\/davidfarre.net\/wp-content\/uploads\/2024\/11\/davidfarre.png","width":701,"height":427,"caption":"David Farre"},"image":{"@id":"https:\/\/davidfarre.net\/#\/schema\/logo\/image\/"}}]}},"_links":{"self":[{"href":"https:\/\/davidfarre.net\/ca\/wp-json\/wp\/v2\/pages\/2620","targetHints":{"allow":["GET"]}}],"collection":[{"href":"https:\/\/davidfarre.net\/ca\/wp-json\/wp\/v2\/pages"}],"about":[{"href":"https:\/\/davidfarre.net\/ca\/wp-json\/wp\/v2\/types\/page"}],"author":[{"embeddable":true,"href":"https:\/\/davidfarre.net\/ca\/wp-json\/wp\/v2\/users\/2"}],"replies":[{"embeddable":true,"href":"https:\/\/davidfarre.net\/ca\/wp-json\/wp\/v2\/comments?post=2620"}],"version-history":[{"count":1,"href":"https:\/\/davidfarre.net\/ca\/wp-json\/wp\/v2\/pages\/2620\/revisions"}],"predecessor-version":[{"id":2621,"href":"https:\/\/davidfarre.net\/ca\/wp-json\/wp\/v2\/pages\/2620\/revisions\/2621"}],"wp:featuredmedia":[{"embeddable":true,"href":"https:\/\/davidfarre.net\/ca\/wp-json\/wp\/v2\/media\/4808"}],"wp:attachment":[{"href":"https:\/\/davidfarre.net\/ca\/wp-json\/wp\/v2\/media?parent=2620"}],"curies":[{"name":"wp","href":"https:\/\/api.w.org\/{rel}","templated":true}]}}