{"id":2590,"date":"2024-11-28T09:56:00","date_gmt":"2024-11-28T08:56:00","guid":{"rendered":"https:\/\/davidfarre.net\/complements\/"},"modified":"2025-08-04T08:20:33","modified_gmt":"2025-08-04T06:20:33","slug":"complements","status":"publish","type":"page","link":"https:\/\/davidfarre.net\/ca\/complements\/","title":{"rendered":"Complements"},"content":{"rendered":"\t\t<div data-elementor-type=\"wp-page\" data-elementor-id=\"2590\" class=\"elementor elementor-2590 elementor-649\" data-elementor-post-type=\"page\">\n\t\t\t\t\t\t<section class=\"elementor-section elementor-top-section elementor-element elementor-element-926c993 elementor-section-boxed elementor-section-height-default elementor-section-height-default\" data-id=\"926c993\" data-element_type=\"section\" data-e-type=\"section\" data-settings=\"{&quot;background_background&quot;:&quot;classic&quot;}\">\n\t\t\t\t\t\t\t<div class=\"elementor-background-overlay\"><\/div>\n\t\t\t\t\t\t\t<div class=\"elementor-container elementor-column-gap-default\">\n\t\t\t\t\t<div class=\"elementor-column elementor-col-100 elementor-top-column elementor-element elementor-element-f4d667b\" data-id=\"f4d667b\" data-element_type=\"column\" data-e-type=\"column\">\n\t\t\t<div class=\"elementor-widget-wrap elementor-element-populated\">\n\t\t\t\t\t\t<div class=\"elementor-element elementor-element-dae1017 elementor-widget__width-initial elementor-widget elementor-widget-heading\" data-id=\"dae1017\" data-element_type=\"widget\" data-e-type=\"widget\" data-widget_type=\"heading.default\">\n\t\t\t\t<div class=\"elementor-widget-container\">\n\t\t\t\t\t<h1 class=\"elementor-heading-title elementor-size-default\">Complements<\/h1>\t\t\t\t<\/div>\n\t\t\t\t<\/div>\n\t\t\t\t<div class=\"elementor-element elementor-element-b9f4e52 elementor-widget elementor-widget-text-editor\" data-id=\"b9f4e52\" data-element_type=\"widget\" data-e-type=\"widget\" data-widget_type=\"text-editor.default\">\n\t\t\t\t<div class=\"elementor-widget-container\">\n\t\t\t\t\t\t\t\t\t<p>Qualitat , confort i disseny<\/p>\t\t\t\t\t\t\t\t<\/div>\n\t\t\t\t<\/div>\n\t\t\t\t\t<\/div>\n\t\t<\/div>\n\t\t\t\t\t<\/div>\n\t\t<\/section>\n\t\t<div class=\"elementor-element elementor-element-2f3e820 e-con-full e-flex e-con e-parent\" data-id=\"2f3e820\" data-element_type=\"container\" data-e-type=\"container\">\n\t\t\t\t<div class=\"elementor-element elementor-element-2abef32 elementor-widget__width-initial elementor-widget elementor-widget-heading\" data-id=\"2abef32\" data-element_type=\"widget\" data-e-type=\"widget\" data-widget_type=\"heading.default\">\n\t\t\t\t<div class=\"elementor-widget-container\">\n\t\t\t\t\t<h3 class=\"elementor-heading-title elementor-size-default\">Descobreix el teu look<\/h3>\t\t\t\t<\/div>\n\t\t\t\t<\/div>\n\t\t\t\t<div class=\"elementor-element elementor-element-e3168bc elementor-widget elementor-widget-text-editor\" data-id=\"e3168bc\" data-element_type=\"widget\" data-e-type=\"widget\" data-widget_type=\"text-editor.default\">\n\t\t\t\t<div class=\"elementor-widget-container\">\n\t\t\t\t\t\t\t\t\t<p>Fes una ullada als nostres productes m\u00e9s venuts<\/p>\t\t\t\t\t\t\t\t<\/div>\n\t\t\t\t<\/div>\n\t\t\t\t<div class=\"woocommerce elementor-element elementor-element-2d6fed4 elementor-grid-3 elementor-grid-tablet-2 elementor-grid-mobile-1 elementor-widget elementor-widget-loop-grid\" data-id=\"2d6fed4\" data-element_type=\"widget\" data-e-type=\"widget\" data-settings=\"{&quot;_skin&quot;:&quot;product&quot;,&quot;template_id&quot;:3237,&quot;pagination_type&quot;:&quot;numbers&quot;,&quot;pagination_load_type&quot;:&quot;ajax&quot;,&quot;columns&quot;:&quot;3&quot;,&quot;columns_tablet&quot;:&quot;2&quot;,&quot;columns_mobile&quot;:&quot;1&quot;,&quot;edit_handle_selector&quot;:&quot;[data-elementor-type=\\&quot;loop-item\\&quot;]&quot;,&quot;row_gap&quot;:{&quot;unit&quot;:&quot;px&quot;,&quot;size&quot;:&quot;&quot;,&quot;sizes&quot;:[]},&quot;row_gap_tablet&quot;:{&quot;unit&quot;:&quot;px&quot;,&quot;size&quot;:&quot;&quot;,&quot;sizes&quot;:[]},&quot;row_gap_mobile&quot;:{&quot;unit&quot;:&quot;px&quot;,&quot;size&quot;:&quot;&quot;,&quot;sizes&quot;:[]}}\" data-widget_type=\"loop-grid.product\">\n\t\t\t\t<div class=\"elementor-widget-container\">\n\t\t\t\t\t\t\t<div class=\"e-loop-nothing-found-message\">\n\t\t\t\t\t<span class=\"e-loop-nothing-found-message__text\">\n\t\t\t\tNo s'ha trobat res\t\t\t<\/span>\n\t\t\t<\/div>\n\t\t\t\t\t\t<\/div>\n\t\t\t\t<\/div>\n\t\t\t\t<div class=\"elementor-element elementor-element-9a5b34e elementor-widget__width-initial elementor-widget elementor-widget-heading\" data-id=\"9a5b34e\" data-element_type=\"widget\" data-e-type=\"widget\" data-widget_type=\"heading.default\">\n\t\t\t\t<div class=\"elementor-widget-container\">\n\t\t\t\t\t<h3 class=\"elementor-heading-title elementor-size-default\">M\u00e9s not\u00edcies sobre complements<\/h3>\t\t\t\t<\/div>\n\t\t\t\t<\/div>\n\t\t\t\t<\/div>\n\t\t\t\t<\/div>\n\t\t","protected":false},"excerpt":{"rendered":"<p>Complements Qualitat , confort i disseny Descobreix el teu look Fes una ullada als nostres productes m\u00e9s venuts Chaquetas Cinturones Gorros Vestidos Tot M\u00e9s not\u00edcies sobre complements<\/p>\n","protected":false},"author":2,"featured_media":0,"parent":0,"menu_order":0,"comment_status":"closed","ping_status":"closed","template":"","meta":{"_acf_changed":false,"inline_featured_image":false,"footnotes":""},"class_list":["post-2590","page","type-page","status-publish","hentry"],"acf":[],"yoast_head":"<!-- This site is optimized with the Yoast SEO plugin v27.4 - https:\/\/yoast.com\/product\/yoast-seo-wordpress\/ -->\n<title>Complements | David Farre<\/title>\n<meta name=\"description\" content=\"Complements de pell artesanals de David Farr\u00e9: cinturons, bosses de m\u00e0 i accessoris \u00fanics, fets a m\u00e0 a Lleida.\" \/>\n<meta name=\"robots\" content=\"index, follow, max-snippet:-1, max-image-preview:large, max-video-preview:-1\" \/>\n<link rel=\"canonical\" href=\"https:\/\/davidfarre.net\/ca\/complements\/\" \/>\n<meta property=\"og:locale\" content=\"ca_ES\" \/>\n<meta property=\"og:type\" content=\"article\" \/>\n<meta property=\"og:title\" content=\"Complements | David Farre\" \/>\n<meta property=\"og:description\" content=\"Complements de pell artesanals de David Farr\u00e9: cinturons, bosses de m\u00e0 i accessoris \u00fanics, fets a m\u00e0 a Lleida.\" \/>\n<meta property=\"og:url\" content=\"https:\/\/davidfarre.net\/ca\/complements\/\" \/>\n<meta property=\"og:site_name\" content=\"David Farre\" \/>\n<meta property=\"article:modified_time\" content=\"2025-08-04T06:20:33+00:00\" \/>\n<meta name=\"twitter:card\" content=\"summary_large_image\" \/>\n<!-- \/ Yoast SEO plugin. -->","yoast_head_json":{"title":"Complements | David Farre","description":"Complements de pell artesanals de David Farr\u00e9: cinturons, bosses de m\u00e0 i accessoris \u00fanics, fets a m\u00e0 a Lleida.","robots":{"index":"index","follow":"follow","max-snippet":"max-snippet:-1","max-image-preview":"max-image-preview:large","max-video-preview":"max-video-preview:-1"},"canonical":"https:\/\/davidfarre.net\/ca\/complements\/","og_locale":"ca_ES","og_type":"article","og_title":"Complements | David Farre","og_description":"Complements de pell artesanals de David Farr\u00e9: cinturons, bosses de m\u00e0 i accessoris \u00fanics, fets a m\u00e0 a Lleida.","og_url":"https:\/\/davidfarre.net\/ca\/complements\/","og_site_name":"David Farre","article_modified_time":"2025-08-04T06:20:33+00:00","twitter_card":"summary_large_image","schema":{"@context":"https:\/\/schema.org","@graph":[{"@type":"WebPage","@id":"https:\/\/davidfarre.net\/ca\/complements\/","url":"https:\/\/davidfarre.net\/ca\/complements\/","name":"Complements | David Farre","isPartOf":{"@id":"https:\/\/davidfarre.net\/#website"},"datePublished":"2024-11-28T08:56:00+00:00","dateModified":"2025-08-04T06:20:33+00:00","description":"Complements de pell artesanals de David Farr\u00e9: cinturons, bosses de m\u00e0 i accessoris \u00fanics, fets a m\u00e0 a Lleida.","breadcrumb":{"@id":"https:\/\/davidfarre.net\/ca\/complements\/#breadcrumb"},"inLanguage":"ca","potentialAction":[{"@type":"ReadAction","target":["https:\/\/davidfarre.net\/ca\/complements\/"]}]},{"@type":"BreadcrumbList","@id":"https:\/\/davidfarre.net\/ca\/complements\/#breadcrumb","itemListElement":[{"@type":"ListItem","position":1,"name":"Portada","item":"https:\/\/davidfarre.net\/ca\/home-2\/"},{"@type":"ListItem","position":2,"name":"Complements"}]},{"@type":"WebSite","@id":"https:\/\/davidfarre.net\/#website","url":"https:\/\/davidfarre.net\/","name":"David Farre","description":"Just another WordPress site","publisher":{"@id":"https:\/\/davidfarre.net\/#organization"},"potentialAction":[{"@type":"SearchAction","target":{"@type":"EntryPoint","urlTemplate":"https:\/\/davidfarre.net\/?s={search_term_string}"},"query-input":{"@type":"PropertyValueSpecification","valueRequired":true,"valueName":"search_term_string"}}],"inLanguage":"ca"},{"@type":"Organization","@id":"https:\/\/davidfarre.net\/#organization","name":"David Farre","url":"https:\/\/davidfarre.net\/","logo":{"@type":"ImageObject","inLanguage":"ca","@id":"https:\/\/davidfarre.net\/#\/schema\/logo\/image\/","url":"https:\/\/davidfarre.net\/wp-content\/uploads\/2024\/11\/davidfarre.png","contentUrl":"https:\/\/davidfarre.net\/wp-content\/uploads\/2024\/11\/davidfarre.png","width":701,"height":427,"caption":"David Farre"},"image":{"@id":"https:\/\/davidfarre.net\/#\/schema\/logo\/image\/"}}]}},"_links":{"self":[{"href":"https:\/\/davidfarre.net\/ca\/wp-json\/wp\/v2\/pages\/2590","targetHints":{"allow":["GET"]}}],"collection":[{"href":"https:\/\/davidfarre.net\/ca\/wp-json\/wp\/v2\/pages"}],"about":[{"href":"https:\/\/davidfarre.net\/ca\/wp-json\/wp\/v2\/types\/page"}],"author":[{"embeddable":true,"href":"https:\/\/davidfarre.net\/ca\/wp-json\/wp\/v2\/users\/2"}],"replies":[{"embeddable":true,"href":"https:\/\/davidfarre.net\/ca\/wp-json\/wp\/v2\/comments?post=2590"}],"version-history":[{"count":3,"href":"https:\/\/davidfarre.net\/ca\/wp-json\/wp\/v2\/pages\/2590\/revisions"}],"predecessor-version":[{"id":3231,"href":"https:\/\/davidfarre.net\/ca\/wp-json\/wp\/v2\/pages\/2590\/revisions\/3231"}],"wp:attachment":[{"href":"https:\/\/davidfarre.net\/ca\/wp-json\/wp\/v2\/media?parent=2590"}],"curies":[{"name":"wp","href":"https:\/\/api.w.org\/{rel}","templated":true}]}}