{"id":2582,"date":"2024-11-28T09:55:21","date_gmt":"2024-11-28T08:55:21","guid":{"rendered":"https:\/\/davidfarre.net\/home\/"},"modified":"2026-03-24T22:10:42","modified_gmt":"2026-03-24T21:10:42","slug":"home","status":"publish","type":"page","link":"https:\/\/davidfarre.net\/ca\/home\/","title":{"rendered":"Home"},"content":{"rendered":"<h1>Moda d&#8217;home<\/h1>\n<p>Qualitat , confort i disseny<\/p>\n<h3>Descobreix el teu look<\/h3>\n<p>Fes una ullada als nostres productes m\u00e9s venuts<\/p>\n<h3>M\u00e9s not\u00edcies sobre moda d&#8217;home<\/h3>\n","protected":false},"excerpt":{"rendered":"<p>Moda d&#8217;home Qualitat , confort i disseny Descobreix el teu look Fes una ullada als nostres productes m\u00e9s venuts M\u00e9s not\u00edcies sobre moda d&#8217;home<\/p>\n","protected":false},"author":2,"featured_media":0,"parent":0,"menu_order":0,"comment_status":"closed","ping_status":"closed","template":"","meta":{"_acf_changed":false,"inline_featured_image":false,"footnotes":""},"class_list":["post-2582","page","type-page","status-publish","hentry"],"acf":[],"yoast_head":"<!-- This site is optimized with the Yoast SEO plugin v27.4 - https:\/\/yoast.com\/product\/yoast-seo-wordpress\/ -->\n<title>Home | David Farre<\/title>\n<meta name=\"description\" content=\"Jaquetes de pell per a home de David Farr\u00e9: disseny elegant, confecci\u00f3 artesanal i materials d\u00b4alta qualitat.\" \/>\n<meta name=\"robots\" content=\"index, follow, max-snippet:-1, max-image-preview:large, max-video-preview:-1\" \/>\n<link rel=\"canonical\" href=\"https:\/\/davidfarre.net\/ca\/home\/\" \/>\n<meta property=\"og:locale\" content=\"ca_ES\" \/>\n<meta property=\"og:type\" content=\"article\" \/>\n<meta property=\"og:title\" content=\"Home | David Farre\" \/>\n<meta property=\"og:description\" content=\"Jaquetes de pell per a home de David Farr\u00e9: disseny elegant, confecci\u00f3 artesanal i materials d\u00b4alta qualitat.\" \/>\n<meta property=\"og:url\" content=\"https:\/\/davidfarre.net\/ca\/home\/\" \/>\n<meta property=\"og:site_name\" content=\"David Farre\" \/>\n<meta property=\"article:modified_time\" content=\"2026-03-24T21:10:42+00:00\" \/>\n<meta name=\"twitter:card\" content=\"summary_large_image\" \/>\n<!-- \/ Yoast SEO plugin. -->","yoast_head_json":{"title":"Home | David Farre","description":"Jaquetes de pell per a home de David Farr\u00e9: disseny elegant, confecci\u00f3 artesanal i materials d\u00b4alta qualitat.","robots":{"index":"index","follow":"follow","max-snippet":"max-snippet:-1","max-image-preview":"max-image-preview:large","max-video-preview":"max-video-preview:-1"},"canonical":"https:\/\/davidfarre.net\/ca\/home\/","og_locale":"ca_ES","og_type":"article","og_title":"Home | David Farre","og_description":"Jaquetes de pell per a home de David Farr\u00e9: disseny elegant, confecci\u00f3 artesanal i materials d\u00b4alta qualitat.","og_url":"https:\/\/davidfarre.net\/ca\/home\/","og_site_name":"David Farre","article_modified_time":"2026-03-24T21:10:42+00:00","twitter_card":"summary_large_image","schema":{"@context":"https:\/\/schema.org","@graph":[{"@type":"WebPage","@id":"https:\/\/davidfarre.net\/ca\/home\/","url":"https:\/\/davidfarre.net\/ca\/home\/","name":"Home | David Farre","isPartOf":{"@id":"https:\/\/davidfarre.net\/#website"},"datePublished":"2024-11-28T08:55:21+00:00","dateModified":"2026-03-24T21:10:42+00:00","description":"Jaquetes de pell per a home de David Farr\u00e9: disseny elegant, confecci\u00f3 artesanal i materials d\u00b4alta qualitat.","breadcrumb":{"@id":"https:\/\/davidfarre.net\/ca\/home\/#breadcrumb"},"inLanguage":"ca","potentialAction":[{"@type":"ReadAction","target":["https:\/\/davidfarre.net\/ca\/home\/"]}]},{"@type":"BreadcrumbList","@id":"https:\/\/davidfarre.net\/ca\/home\/#breadcrumb","itemListElement":[{"@type":"ListItem","position":1,"name":"Portada","item":"https:\/\/davidfarre.net\/ca\/home-2\/"},{"@type":"ListItem","position":2,"name":"Home"}]},{"@type":"WebSite","@id":"https:\/\/davidfarre.net\/#website","url":"https:\/\/davidfarre.net\/","name":"David Farre","description":"Just another WordPress site","publisher":{"@id":"https:\/\/davidfarre.net\/#organization"},"potentialAction":[{"@type":"SearchAction","target":{"@type":"EntryPoint","urlTemplate":"https:\/\/davidfarre.net\/?s={search_term_string}"},"query-input":{"@type":"PropertyValueSpecification","valueRequired":true,"valueName":"search_term_string"}}],"inLanguage":"ca"},{"@type":"Organization","@id":"https:\/\/davidfarre.net\/#organization","name":"David Farre","url":"https:\/\/davidfarre.net\/","logo":{"@type":"ImageObject","inLanguage":"ca","@id":"https:\/\/davidfarre.net\/#\/schema\/logo\/image\/","url":"https:\/\/davidfarre.net\/wp-content\/uploads\/2024\/11\/davidfarre.png","contentUrl":"https:\/\/davidfarre.net\/wp-content\/uploads\/2024\/11\/davidfarre.png","width":701,"height":427,"caption":"David Farre"},"image":{"@id":"https:\/\/davidfarre.net\/#\/schema\/logo\/image\/"}}]}},"_links":{"self":[{"href":"https:\/\/davidfarre.net\/ca\/wp-json\/wp\/v2\/pages\/2582","targetHints":{"allow":["GET"]}}],"collection":[{"href":"https:\/\/davidfarre.net\/ca\/wp-json\/wp\/v2\/pages"}],"about":[{"href":"https:\/\/davidfarre.net\/ca\/wp-json\/wp\/v2\/types\/page"}],"author":[{"embeddable":true,"href":"https:\/\/davidfarre.net\/ca\/wp-json\/wp\/v2\/users\/2"}],"replies":[{"embeddable":true,"href":"https:\/\/davidfarre.net\/ca\/wp-json\/wp\/v2\/comments?post=2582"}],"version-history":[{"count":2,"href":"https:\/\/davidfarre.net\/ca\/wp-json\/wp\/v2\/pages\/2582\/revisions"}],"predecessor-version":[{"id":3232,"href":"https:\/\/davidfarre.net\/ca\/wp-json\/wp\/v2\/pages\/2582\/revisions\/3232"}],"wp:attachment":[{"href":"https:\/\/davidfarre.net\/ca\/wp-json\/wp\/v2\/media?parent=2582"}],"curies":[{"name":"wp","href":"https:\/\/api.w.org\/{rel}","templated":true}]}}