{"id":2580,"date":"2023-04-19T15:33:50","date_gmt":"2023-04-19T13:33:50","guid":{"rendered":"https:\/\/davidfarre.net\/blog\/"},"modified":"2025-04-08T12:46:06","modified_gmt":"2025-04-08T10:46:06","slug":"blog","status":"publish","type":"page","link":"https:\/\/davidfarre.net\/ca\/blog\/","title":{"rendered":"Blog"},"content":{"rendered":"\t\t<div data-elementor-type=\"wp-page\" data-elementor-id=\"2580\" class=\"elementor elementor-2580 elementor-222\" data-elementor-post-type=\"page\">\n\t\t\t\t\t\t<section class=\"elementor-section elementor-top-section elementor-element elementor-element-4eeb09c9 elementor-section-boxed elementor-section-height-default elementor-section-height-default\" data-id=\"4eeb09c9\" data-element_type=\"section\" data-e-type=\"section\" data-settings=\"{&quot;background_background&quot;:&quot;classic&quot;}\">\n\t\t\t\t\t\t<div class=\"elementor-container elementor-column-gap-default\">\n\t\t\t\t\t<div class=\"elementor-column elementor-col-100 elementor-top-column elementor-element elementor-element-5312bba8\" data-id=\"5312bba8\" data-element_type=\"column\" data-e-type=\"column\">\n\t\t\t<div class=\"elementor-widget-wrap elementor-element-populated\">\n\t\t\t\t\t\t<div class=\"elementor-element elementor-element-3fd3c390 elementor-widget elementor-widget-heading\" data-id=\"3fd3c390\" data-element_type=\"widget\" data-e-type=\"widget\" data-widget_type=\"heading.default\">\n\t\t\t\t<div class=\"elementor-widget-container\">\n\t\t\t\t\t<h1 class=\"elementor-heading-title elementor-size-default\">Actualitat<\/h1>\t\t\t\t<\/div>\n\t\t\t\t<\/div>\n\t\t\t\t<div class=\"elementor-element elementor-element-7a246fb6 elementor-widget-divider--view-line elementor-widget elementor-widget-divider\" data-id=\"7a246fb6\" data-element_type=\"widget\" data-e-type=\"widget\" data-widget_type=\"divider.default\">\n\t\t\t\t<div class=\"elementor-widget-container\">\n\t\t\t\t\t\t\t<div class=\"elementor-divider\">\n\t\t\t<span class=\"elementor-divider-separator\">\n\t\t\t\t\t\t<\/span>\n\t\t<\/div>\n\t\t\t\t\t\t<\/div>\n\t\t\t\t<\/div>\n\t\t\t\t<div class=\"elementor-element elementor-element-63a4ab1 elementor-widget__width-initial elementor-widget-tablet__width-inherit elementor-widget elementor-widget-text-editor\" data-id=\"63a4ab1\" data-element_type=\"widget\" data-e-type=\"widget\" data-widget_type=\"text-editor.default\">\n\t\t\t\t<div class=\"elementor-widget-container\">\n\t\t\t\t\t\t\t\t\t<p>Cada pe\u00e7a que creem comen\u00e7a amb la selecci\u00f3 curosa de les millors pells, treballades per mans expertes que entenen la import\u00e0ncia de cada detall. Des de jaquetes ic\u00f2niques fins a accessoris vers\u00e0tils, les nostres col\u00b7leccions reflecteixen no nom\u00e9s eleg\u00e0ncia, sin\u00f3 tamb\u00e9 la resist\u00e8ncia i el car\u00e0cter que nom\u00e9s el cuir pot oferir. Cada tall, costura i acabat est\u00e0 pensat per real\u00e7ar la bellesa natural del material i oferir una experi\u00e8ncia \u00fanica a qui el porta.<\/p>\t\t\t\t\t\t\t\t<\/div>\n\t\t\t\t<\/div>\n\t\t\t\t\t<\/div>\n\t\t<\/div>\n\t\t\t\t\t<\/div>\n\t\t<\/section>\n\t\t\t\t<\/div>\n\t\t","protected":false},"excerpt":{"rendered":"<p>Actualitat Cada pe\u00e7a que creem comen\u00e7a amb la selecci\u00f3 curosa de les millors pells, treballades per mans expertes que entenen la import\u00e0ncia de cada detall. Des de jaquetes ic\u00f2niques fins a accessoris vers\u00e0tils, les nostres col\u00b7leccions reflecteixen no nom\u00e9s eleg\u00e0ncia, sin\u00f3 tamb\u00e9 la resist\u00e8ncia i el car\u00e0cter que nom\u00e9s el cuir pot oferir. Cada tall, [&hellip;]<\/p>\n","protected":false},"author":2,"featured_media":0,"parent":0,"menu_order":0,"comment_status":"closed","ping_status":"closed","template":"","meta":{"_acf_changed":false,"inline_featured_image":false,"footnotes":""},"class_list":["post-2580","page","type-page","status-publish","hentry"],"acf":[],"yoast_head":"<!-- This site is optimized with the Yoast SEO plugin v27.4 - https:\/\/yoast.com\/product\/yoast-seo-wordpress\/ -->\n<title>\u25b7Blog - \u3010 David Farre \u3011<\/title>\n<meta name=\"description\" content=\"Actualitat Cada pe\u00e7a que creem comen\u00e7a amb la selecci\u00f3 curosa de les millors pells, treballades per mans expertes que entenen la import\u00e0ncia de cada \u2713\" \/>\n<meta name=\"robots\" content=\"index, follow, max-snippet:-1, max-image-preview:large, max-video-preview:-1\" \/>\n<link rel=\"canonical\" href=\"https:\/\/davidfarre.net\/ca\/blog\/\" \/>\n<meta property=\"og:locale\" content=\"ca_ES\" \/>\n<meta property=\"og:type\" content=\"article\" \/>\n<meta property=\"og:title\" content=\"\u25b7Blog - \u3010 David Farre \u3011\" \/>\n<meta property=\"og:description\" content=\"Actualitat Cada pe\u00e7a que creem comen\u00e7a amb la selecci\u00f3 curosa de les millors pells, treballades per mans expertes que entenen la import\u00e0ncia de cada \u2713\" \/>\n<meta property=\"og:url\" content=\"https:\/\/davidfarre.net\/ca\/blog\/\" \/>\n<meta property=\"og:site_name\" content=\"David Farre\" \/>\n<meta property=\"article:modified_time\" content=\"2025-04-08T10:46:06+00:00\" \/>\n<meta name=\"twitter:card\" content=\"summary_large_image\" \/>\n<!-- \/ Yoast SEO plugin. -->","yoast_head_json":{"title":"\u25b7Blog - \u3010 David Farre \u3011","description":"Actualitat Cada pe\u00e7a que creem comen\u00e7a amb la selecci\u00f3 curosa de les millors pells, treballades per mans expertes que entenen la import\u00e0ncia de cada \u2713","robots":{"index":"index","follow":"follow","max-snippet":"max-snippet:-1","max-image-preview":"max-image-preview:large","max-video-preview":"max-video-preview:-1"},"canonical":"https:\/\/davidfarre.net\/ca\/blog\/","og_locale":"ca_ES","og_type":"article","og_title":"\u25b7Blog - \u3010 David Farre \u3011","og_description":"Actualitat Cada pe\u00e7a que creem comen\u00e7a amb la selecci\u00f3 curosa de les millors pells, treballades per mans expertes que entenen la import\u00e0ncia de cada \u2713","og_url":"https:\/\/davidfarre.net\/ca\/blog\/","og_site_name":"David Farre","article_modified_time":"2025-04-08T10:46:06+00:00","twitter_card":"summary_large_image","schema":{"@context":"https:\/\/schema.org","@graph":[{"@type":"WebPage","@id":"https:\/\/davidfarre.net\/ca\/blog\/","url":"https:\/\/davidfarre.net\/ca\/blog\/","name":"\u25b7Blog - \u3010 David Farre \u3011","isPartOf":{"@id":"https:\/\/davidfarre.net\/#website"},"datePublished":"2023-04-19T13:33:50+00:00","dateModified":"2025-04-08T10:46:06+00:00","description":"Actualitat Cada pe\u00e7a que creem comen\u00e7a amb la selecci\u00f3 curosa de les millors pells, treballades per mans expertes que entenen la import\u00e0ncia de cada \u2713","breadcrumb":{"@id":"https:\/\/davidfarre.net\/ca\/blog\/#breadcrumb"},"inLanguage":"ca","potentialAction":[{"@type":"ReadAction","target":["https:\/\/davidfarre.net\/ca\/blog\/"]}]},{"@type":"BreadcrumbList","@id":"https:\/\/davidfarre.net\/ca\/blog\/#breadcrumb","itemListElement":[{"@type":"ListItem","position":1,"name":"Portada","item":"https:\/\/davidfarre.net\/ca\/home-2\/"},{"@type":"ListItem","position":2,"name":"Blog"}]},{"@type":"WebSite","@id":"https:\/\/davidfarre.net\/#website","url":"https:\/\/davidfarre.net\/","name":"David Farre","description":"Just another WordPress site","publisher":{"@id":"https:\/\/davidfarre.net\/#organization"},"potentialAction":[{"@type":"SearchAction","target":{"@type":"EntryPoint","urlTemplate":"https:\/\/davidfarre.net\/?s={search_term_string}"},"query-input":{"@type":"PropertyValueSpecification","valueRequired":true,"valueName":"search_term_string"}}],"inLanguage":"ca"},{"@type":"Organization","@id":"https:\/\/davidfarre.net\/#organization","name":"David Farre","url":"https:\/\/davidfarre.net\/","logo":{"@type":"ImageObject","inLanguage":"ca","@id":"https:\/\/davidfarre.net\/#\/schema\/logo\/image\/","url":"https:\/\/davidfarre.net\/wp-content\/uploads\/2024\/11\/davidfarre.png","contentUrl":"https:\/\/davidfarre.net\/wp-content\/uploads\/2024\/11\/davidfarre.png","width":701,"height":427,"caption":"David Farre"},"image":{"@id":"https:\/\/davidfarre.net\/#\/schema\/logo\/image\/"}}]}},"_links":{"self":[{"href":"https:\/\/davidfarre.net\/ca\/wp-json\/wp\/v2\/pages\/2580","targetHints":{"allow":["GET"]}}],"collection":[{"href":"https:\/\/davidfarre.net\/ca\/wp-json\/wp\/v2\/pages"}],"about":[{"href":"https:\/\/davidfarre.net\/ca\/wp-json\/wp\/v2\/types\/page"}],"author":[{"embeddable":true,"href":"https:\/\/davidfarre.net\/ca\/wp-json\/wp\/v2\/users\/2"}],"replies":[{"embeddable":true,"href":"https:\/\/davidfarre.net\/ca\/wp-json\/wp\/v2\/comments?post=2580"}],"version-history":[{"count":1,"href":"https:\/\/davidfarre.net\/ca\/wp-json\/wp\/v2\/pages\/2580\/revisions"}],"predecessor-version":[{"id":2581,"href":"https:\/\/davidfarre.net\/ca\/wp-json\/wp\/v2\/pages\/2580\/revisions\/2581"}],"wp:attachment":[{"href":"https:\/\/davidfarre.net\/ca\/wp-json\/wp\/v2\/media?parent=2580"}],"curies":[{"name":"wp","href":"https:\/\/api.w.org\/{rel}","templated":true}]}}